{"id":67782,"date":"2022-10-16T18:32:12","date_gmt":"2022-10-16T18:32:12","guid":{"rendered":"http:\/\/kvalitetvremena.com\/?page_id=3"},"modified":"2026-02-13T12:57:44","modified_gmt":"2026-02-13T12:57:44","slug":"pravila-o-zastiti-privatnosti","status":"publish","type":"page","link":"https:\/\/vaterpolosrbija.rs\/?page_id=67782","title":{"rendered":"Pravila o za\u0161titi privatnosti"},"content":{"rendered":"<p style=\"text-align: justify;\"><strong>Pravila o za\u0161titi privatnosti<\/strong><\/p>\n<p style=\"text-align: justify;\">Ova pravila o za\u0161titi privatnosti opisuju kako prikupljamo, upotrebljavamo i obra\u0111ujemo va\u0161e podatke, uklju\u010duju\u0107i i osobne podatke, u vezi s va\u0161im pristupom i kori\u0161tenjem portala vaterpolosrbija.rs\/\u2013 putem web stranice i\/ili aplikacije.<\/p>\n<p style=\"text-align: justify;\">Adresa na\u0161e web stranice je: http:\/\/vaterpolosrbija.rs\/<\/p>\n<p style=\"text-align: justify;\"><strong>Koje osobne podatke prikupljamo i za\u0161to ih prikupljamo<\/strong><\/p>\n<p style=\"text-align: justify;\">Kada korisnik posjeti web lokaciju narodnjaci.net prikupljamo samo osnovne analiti\u010dke podatke preko servisa Google Analytics.<\/p>\n<p style=\"text-align: justify;\"><strong>Ugra\u0111eni sadr\u017eaj s drugih web stranica<\/strong><\/p>\n<p style=\"text-align: justify;\">\u010clanci na ovoj web stranici mogu sadr\u017eavati ugra\u0111eni sadr\u017eaj (npr. Videozapisi, slike, \u010dlanci itd.). Ugra\u0111eni sadr\u017eaj s drugih web lokacija pona\u0161a se na potpuno isti na\u010din kao da je posjetitelj posjetio drugu web stranicu.<\/p>\n<p style=\"text-align: justify;\">Ove web stranice mogu prikupljati podatke o vama, upotrebljavati kola\u010di\u0107e, ugra\u0111ivati \u200b\u200bdodatno pra\u0107enje tre\u0107e strane i nadzirati va\u0161u interakciju s tim ugra\u0111enim sadr\u017eajem, uklju\u010duju\u0107i pra\u0107enje va\u0161e interakcije s ugra\u0111enim sadr\u017eajem ako imate ra\u010dun i prijavljeni ste na toj web lokaciji.<\/p>\n<p style=\"text-align: justify;\">Portal nije odgovoran ni za jedan oblik materijalne ili bilo koje druge \u0161tete nastale kori\u0161tenjem web stranice, ili nastale na osnovu ta\u010dnosti, ispravnosti te kvaliteta informacija koje prezentiramo na na\u0161em portalu. Sve vijesti su potpisane sa izvorom odakle je preuzeto, tako da se u potpunosti ogra\u0111ujemo. Nastojimo objavljivati provjerene i ta\u010dne informacije, ali u potpunosti ih ne mo\u017eemo kontrolisati.<\/p>\n<p style=\"text-align: justify;\">Tako\u0111er nismo odgovorni za reklamni kao i sadr\u017eaj oglasa i stranica koje korisnici mogu posjetiti otvaranjem oglasa odnosno stranica. Sadr\u017eaj oglasa automatski se generise od tre\u0107e strane tako da web portal Narodnjaci.net nema nikakav uvid i uticaj na isto.<\/p>\n<p style=\"text-align: justify;\"><strong>Kontakt<\/strong><\/p>\n<p style=\"text-align: justify;\">Ako imate bilo kakvih pitanja ili pritu\u017ebi u vezi s ovim Pravilima o za\u0161titi privatnosti ili na\u0161im postupcima obrade va\u0161ih podataka, mo\u017eete nam poslati e-po\u0161tu:<b>office@vaterpolosrbija.rs<\/b><\/p>\n<p style=\"text-align: justify;\">\n<p style=\"text-align: justify;\"><strong>Privacy Policy\u00a0<\/strong>(google translate)<\/p>\n<p style=\"text-align: justify;\">This privacy policy describes how we collect, use and process your data, including personal data, in connection with your access to and use of the www.vaterpolosrbija.rs portal \u2013 through the website and \/ or application.<\/p>\n<p style=\"text-align: justify;\">The address of our website is: http:\/\/vaterpolosrbija.rs\/<\/p>\n<p style=\"text-align: justify;\">What personal information we collect and why we collect it<\/p>\n<p style=\"text-align: justify;\">When a user visits the narodnjaci.net website, we collect only basic analytical data via the<strong>\u00a0Google Analytics service.<\/strong><\/p>\n<p style=\"text-align: justify;\"><strong>Embedded content from other websites<\/strong><\/p>\n<p style=\"text-align: justify;\">Articles on this website may contain embedded content (e.g., videos, images, articles, etc.). Embedded content from other sites behaves in exactly the same way as if a visitor had visited another website.<\/p>\n<p style=\"text-align: justify;\">These websites may collect information about you, use cookies, embed additional third-party tracking, and monitor your interaction with that embedded content, including tracking your interaction with embedded content if you have an account and are logged in to that site.<\/p>\n<p style=\"text-align: justify;\">The portal is not responsible for any form of material or any other damage caused by the use of the website, or caused by the accuracy, correctness and quality of the information we present on our portal. All news is signed with the source from where it was downloaded, so we completely distance ourselves. We strive to publish verified and accurate information, but we cannot fully control it.<\/p>\n<p style=\"text-align: justify;\"><strong>Contact<\/strong><\/p>\n<p style=\"text-align: justify;\">If you have any questions or complaints regarding this Privacy Policy or our data processing procedures, you may email us at: http:\/\/vaterpolosrbija.rs\/<\/p>\n","protected":false},"excerpt":{"rendered":"<p>Pravila o za\u0161titi privatnosti Ova pravila o za\u0161titi privatnosti opisuju kako prikupljamo, upotrebljavamo i obra\u0111ujemo va\u0161e podatke, uklju\u010duju\u0107i i osobne podatke, u vezi s va\u0161im pristupom i kori\u0161tenjem portala vaterpolosrbija.rs\/\u2013 putem web stranice i\/ili aplikacije. Adresa na\u0161e web stranice je: http:\/\/vaterpolosrbija.rs\/ Koje osobne podatke prikupljamo i za\u0161to ih prikupljamo Kada korisnik posjeti web lokaciju narodnjaci.net [&hellip;]<\/p>\n","protected":false},"author":1,"featured_media":0,"parent":0,"menu_order":0,"comment_status":"closed","ping_status":"open","template":"","meta":{"footnotes":""},"class_list":["post-67782","page","type-page","status-publish","hentry"],"_links":{"self":[{"href":"https:\/\/vaterpolosrbija.rs\/index.php?rest_route=\/wp\/v2\/pages\/67782","targetHints":{"allow":["GET"]}}],"collection":[{"href":"https:\/\/vaterpolosrbija.rs\/index.php?rest_route=\/wp\/v2\/pages"}],"about":[{"href":"https:\/\/vaterpolosrbija.rs\/index.php?rest_route=\/wp\/v2\/types\/page"}],"author":[{"embeddable":true,"href":"https:\/\/vaterpolosrbija.rs\/index.php?rest_route=\/wp\/v2\/users\/1"}],"replies":[{"embeddable":true,"href":"https:\/\/vaterpolosrbija.rs\/index.php?rest_route=%2Fwp%2Fv2%2Fcomments&post=67782"}],"version-history":[{"count":1,"href":"https:\/\/vaterpolosrbija.rs\/index.php?rest_route=\/wp\/v2\/pages\/67782\/revisions"}],"predecessor-version":[{"id":67813,"href":"https:\/\/vaterpolosrbija.rs\/index.php?rest_route=\/wp\/v2\/pages\/67782\/revisions\/67813"}],"wp:attachment":[{"href":"https:\/\/vaterpolosrbija.rs\/index.php?rest_route=%2Fwp%2Fv2%2Fmedia&parent=67782"}],"curies":[{"name":"wp","href":"https:\/\/api.w.org\/{rel}","templated":true}]}}